{"id":3864,"date":"2023-03-08T09:38:02","date_gmt":"2023-03-08T09:38:02","guid":{"rendered":"https:\/\/innoecotur.webs.upv.es\/?page_id=3864"},"modified":"2024-07-08T07:24:25","modified_gmt":"2024-07-08T07:24:25","slug":"herramienta-ec","status":"publish","type":"page","link":"https:\/\/innoecotur.webs.upv.es\/en\/herramienta-ec\/","title":{"rendered":"CE Tool"},"content":{"rendered":"<p>[et_pb_section fb_built=\u00bb1&#8243; _builder_version=\u00bb4.24.0&#8243; use_background_color_gradient=\u00bbon\u00bb background_color_gradient_direction=\u00bb90deg\u00bb background_color_gradient_stops=\u00bb#ffffff 50%|rgba(12,113,195,0) 50%\u00bb background_color_gradient_overlays_image=\u00bbon\u00bb background_color_gradient_start=\u00bb#ffffff\u00bb background_color_gradient_start_position=\u00bb50%\u00bb background_color_gradient_end=\u00bbrgba(12,113,195,0)\u00bb background_color_gradient_end_position=\u00bb0%\u00bb background_image=\u00bbhttps:\/\/innoecotur.webs.upv.es\/wp-content\/uploads\/2024\/02\/herramienta.jpg\u00bb height=\u00bb50vh\u00bb custom_padding=\u00bb20vh||||false|false\u00bb top_divider_style=\u00bbarrow\u00bb top_divider_color=\u00bbrgba(238,238,238,0.7)\u00bb top_divider_height=\u00bb50vh\u00bb locked=\u00bboff\u00bb global_colors_info=\u00bb{}\u00bb][et_pb_row _builder_version=\u00bb4.16&#8243; global_colors_info=\u00bb{}\u00bb][et_pb_column type=\u00bb4_4&#8243; _builder_version=\u00bb4.16&#8243; global_colors_info=\u00bb{}\u00bb][et_pb_text _builder_version=\u00bb4.24.0&#8243; text_font=\u00bb|600|||||||\u00bb text_line_height=\u00bb1.8em\u00bb header_2_font=\u00bbOswald|500||on|||||\u00bb header_2_font_size=\u00bb80px\u00bb header_4_font=\u00bbMerriweather||||||||\u00bb header_4_text_color=\u00bb#e94558&#8243; header_4_line_height=\u00bb1.4em\u00bb header_2_font_size_tablet=\u00bb60px\u00bb header_2_font_size_phone=\u00bb35px\u00bb header_2_font_size_last_edited=\u00bbon|phone\u00bb header_4_font_size_tablet=\u00bb20px\u00bb header_4_font_size_phone=\u00bb14px\u00bb header_4_font_size_last_edited=\u00bbon|phone\u00bb locked=\u00bboff\u00bb global_colors_info=\u00bb{}\u00bb]<\/p>\n<h4>Lab Hot-EC<\/h4>\n<h2>Herramienta EC<\/h2>\n<p>[\/et_pb_text][\/et_pb_column][\/et_pb_row][\/et_pb_section][et_pb_section fb_built=\u00bb1&#8243; _builder_version=\u00bb4.16&#8243; _module_preset=\u00bbdefault\u00bb global_colors_info=\u00bb{}\u00bb][et_pb_row _builder_version=\u00bb4.16&#8243; _module_preset=\u00bbdefault\u00bb global_colors_info=\u00bb{}\u00bb][et_pb_column type=\u00bb4_4&#8243; _builder_version=\u00bb4.16&#8243; _module_preset=\u00bbdefault\u00bb global_colors_info=\u00bb{}\u00bb][et_pb_text _builder_version=\u00bb4.24.0&#8243; _module_preset=\u00bbdefault\u00bb global_colors_info=\u00bb{}\u00bb]<\/p>\n<p>En Lab Hot-EC estamos creando una herramienta de autodiagn\u00f3stico de circularidad para Hoteles que tiene 3 niveles:<\/p>\n<ol>\n<li><strong>B\u00c1SICO<\/strong><\/li>\n<li><strong>INTERMEDIO<\/strong><\/li>\n<li><strong>AVANZADO<\/strong><\/li>\n<\/ol>\n<p>El objetivo de esta herramienta es que los hoteles puedan autoevaluar su <strong>nivel de circularidad\u00a0<\/strong>y desarrollar un plan de acci\u00f3n para mejorar la circularidad de los mismos.<\/p>\n<p>En esta <strong>Primera fase <\/strong>se presenta la herramienta\u00a0<strong>b\u00e1sica<\/strong> de autoevaluaci\u00f3n incluyendo las cinco \u00e1reas prioritarias:<\/p>\n<p><img loading=\"lazy\" decoding=\"async\" class=\"aligncenter wp-image-3897\" src=\"https:\/\/innoecotur.webs.upv.es\/wp-content\/uploads\/2023\/03\/niveles-herramienta.png\" alt=\"\" width=\"550\" height=\"543\" srcset=\"https:\/\/innoecotur.webs.upv.es\/wp-content\/uploads\/2023\/03\/niveles-herramienta.png 550w, https:\/\/innoecotur.webs.upv.es\/wp-content\/uploads\/2023\/03\/niveles-herramienta-480x474.png 480w\" sizes=\"(min-width: 0px) and (max-width: 480px) 480px, (min-width: 481px) 550px, 100vw\" \/><\/p>\n<p>Esta herramienta est\u00e1 realizada conforme a la Ley 3\/2022, de 15 de junio, de medidas urgentes para la sostenibilidad y circularidad del turismo de las Illes Balears, e incorpora indicadores adicionales que permiten hacer una primera evaluaci\u00f3n de la circularidad del hotel. Tambi\u00e9n propone una serie de <strong>Buenas Pr\u00e1cticas <\/strong>que los hoteles pueden incluir en sus planes de circularidad a partir del resultado del autodiagn\u00f3stico.<\/p>\n<p>[\/et_pb_text][\/et_pb_column][\/et_pb_row][et_pb_row _builder_version=\u00bb4.16&#8243; _module_preset=\u00bbdefault\u00bb global_colors_info=\u00bb{}\u00bb][et_pb_column type=\u00bb4_4&#8243; _builder_version=\u00bb4.16&#8243; _module_preset=\u00bbdefault\u00bb global_colors_info=\u00bb{}\u00bb][et_pb_button button_url=\u00bbhttps:\/\/innoecotur.webs.upv.es\/herramienta\/herramienta-EC.zip\u00bb url_new_window=\u00bbon\u00bb button_text=\u00bbHerramienta &#8211; macOS App\u00bb button_alignment=\u00bbcenter\u00bb admin_label=\u00bbDMG\u00bb _builder_version=\u00bb4.25.2&#8243; _module_preset=\u00bbdefault\u00bb custom_button=\u00bbon\u00bb button_icon=\u00bb&#xe03a;||divi||400&#8243; button_on_hover=\u00bboff\u00bb hover_enabled=\u00bb0&#8243; global_colors_info=\u00bb{}\u00bb sticky_enabled=\u00bb0&#8243;][\/et_pb_button][et_pb_button button_url=\u00bbhttps:\/\/innoecotur.webs.upv.es\/wp-content\/uploads\/2023\/04\/CALCULO-Herramienta-EC_nivel-basico.xlsm\u00bb url_new_window=\u00bbon\u00bb button_text=\u00bbHerramienta &#8211; Excel de c\u00e1lculo\u00bb button_alignment=\u00bbcenter\u00bb admin_label=\u00bbExcel de c\u00e1lculo\u00bb _builder_version=\u00bb4.25.2&#8243; _module_preset=\u00bbdefault\u00bb custom_button=\u00bbon\u00bb button_icon=\u00bb&#xe03a;||divi||400&#8243; button_on_hover=\u00bboff\u00bb hover_enabled=\u00bb0&#8243; global_colors_info=\u00bb{}\u00bb sticky_enabled=\u00bb0&#8243;][\/et_pb_button][et_pb_button button_url=\u00bbhttps:\/\/innoecotur.webs.upv.es\/wp-content\/uploads\/2023\/03\/Herramienta-EC_nivel-basico_v1.pdf\u00bb url_new_window=\u00bbon\u00bb button_text=\u00bbHerramienta &#8211; PDF\u00bb button_alignment=\u00bbcenter\u00bb admin_label=\u00bbherramienta\u00bb _builder_version=\u00bb4.25.2&#8243; _module_preset=\u00bbdefault\u00bb custom_button=\u00bbon\u00bb button_icon=\u00bb&#xe03a;||divi||400&#8243; button_on_hover=\u00bboff\u00bb hover_enabled=\u00bb0&#8243; global_colors_info=\u00bb{}\u00bb sticky_enabled=\u00bb0&#8243;][\/et_pb_button][et_pb_button button_url=\u00bbhttps:\/\/innoecotur.webs.upv.es\/wp-content\/uploads\/2023\/03\/Buenas-practicas-asociadas-a-la-Economia-Circular_nivel-basico.pdf\u00bb url_new_window=\u00bbon\u00bb button_text=\u00bbBuenas Pr\u00e1cticas &#8211; Nivel b\u00e1sico &#8211; PDF\u00bb button_alignment=\u00bbcenter\u00bb admin_label=\u00bbBuenas pr\u00e1cticas\u00bb _builder_version=\u00bb4.25.2&#8243; _module_preset=\u00bbdefault\u00bb custom_button=\u00bbon\u00bb button_icon=\u00bb&#xe03a;||divi||400&#8243; button_on_hover=\u00bboff\u00bb hover_enabled=\u00bb0&#8243; global_colors_info=\u00bb{}\u00bb sticky_enabled=\u00bb0&#8243;][\/et_pb_button][\/et_pb_column][\/et_pb_row][\/et_pb_section]<\/p>\n","protected":false},"excerpt":{"rendered":"<p>Lab Hot-EC Herramienta ECEn Lab Hot-EC estamos creando una herramienta de autodiagn\u00f3stico de circularidad para Hoteles que tiene 3 niveles: B\u00c1SICO INTERMEDIO AVANZADO El objetivo de esta herramienta es que los hoteles puedan autoevaluar su nivel de circularidad\u00a0y desarrollar un plan de acci\u00f3n para mejorar la circularidad de los mismos. En esta Primera fase se [&hellip;]<\/p>\n","protected":false},"author":5,"featured_media":0,"parent":0,"menu_order":0,"comment_status":"closed","ping_status":"closed","template":"","meta":{"_acf_changed":false,"_et_pb_use_builder":"on","_et_pb_old_content":"","_et_gb_content_width":"","footnotes":""},"class_list":["post-3864","page","type-page","status-publish","hentry"],"acf":[],"yoast_head":"<!-- This site is optimized with the Yoast SEO plugin v25.4 - https:\/\/yoast.com\/wordpress\/plugins\/seo\/ -->\n<title>Herramienta EC - Lab Hot-EC<\/title>\n<meta name=\"robots\" content=\"index, follow, max-snippet:-1, max-image-preview:large, max-video-preview:-1\" \/>\n<link rel=\"canonical\" href=\"https:\/\/innoecotur.webs.upv.es\/en\/herramienta-ec\/\" \/>\n<meta property=\"og:locale\" content=\"en_GB\" \/>\n<meta property=\"og:type\" content=\"article\" \/>\n<meta property=\"og:title\" content=\"Herramienta EC - Lab Hot-EC\" \/>\n<meta property=\"og:description\" content=\"Lab Hot-EC Herramienta ECEn Lab Hot-EC estamos creando una herramienta de autodiagn\u00f3stico de circularidad para Hoteles que tiene 3 niveles: B\u00c1SICO INTERMEDIO AVANZADO El objetivo de esta herramienta es que los hoteles puedan autoevaluar su nivel de circularidad\u00a0y desarrollar un plan de acci\u00f3n para mejorar la circularidad de los mismos. En esta Primera fase se [&hellip;]\" \/>\n<meta property=\"og:url\" content=\"https:\/\/innoecotur.webs.upv.es\/en\/herramienta-ec\/\" \/>\n<meta property=\"og:site_name\" content=\"Lab Hot-EC\" \/>\n<meta property=\"article:publisher\" content=\"https:\/\/www.facebook.com\/labhotec.project\/\" \/>\n<meta property=\"article:modified_time\" content=\"2024-07-08T07:24:25+00:00\" \/>\n<meta property=\"og:image\" content=\"https:\/\/innoecotur.webs.upv.es\/wp-content\/uploads\/2023\/03\/niveles-herramienta.png\" \/>\n<meta name=\"twitter:card\" content=\"summary_large_image\" \/>\n<meta name=\"twitter:site\" content=\"@labhotec\" \/>\n<meta name=\"twitter:label1\" content=\"Estimated reading time\" \/>\n\t<meta name=\"twitter:data1\" content=\"1 minute\" \/>\n<script type=\"application\/ld+json\" class=\"yoast-schema-graph\">{\"@context\":\"https:\/\/schema.org\",\"@graph\":[{\"@type\":\"WebPage\",\"@id\":\"https:\/\/innoecotur.webs.upv.es\/herramienta-ec\/\",\"url\":\"https:\/\/innoecotur.webs.upv.es\/herramienta-ec\/\",\"name\":\"Herramienta EC - Lab Hot-EC\",\"isPartOf\":{\"@id\":\"https:\/\/innoecotur.webs.upv.es\/#website\"},\"primaryImageOfPage\":{\"@id\":\"https:\/\/innoecotur.webs.upv.es\/herramienta-ec\/#primaryimage\"},\"image\":{\"@id\":\"https:\/\/innoecotur.webs.upv.es\/herramienta-ec\/#primaryimage\"},\"thumbnailUrl\":\"https:\/\/innoecotur.webs.upv.es\/wp-content\/uploads\/2023\/03\/niveles-herramienta.png\",\"datePublished\":\"2023-03-08T09:38:02+00:00\",\"dateModified\":\"2024-07-08T07:24:25+00:00\",\"breadcrumb\":{\"@id\":\"https:\/\/innoecotur.webs.upv.es\/herramienta-ec\/#breadcrumb\"},\"inLanguage\":\"en-GB\",\"potentialAction\":[{\"@type\":\"ReadAction\",\"target\":[\"https:\/\/innoecotur.webs.upv.es\/herramienta-ec\/\"]}]},{\"@type\":\"ImageObject\",\"inLanguage\":\"en-GB\",\"@id\":\"https:\/\/innoecotur.webs.upv.es\/herramienta-ec\/#primaryimage\",\"url\":\"https:\/\/innoecotur.webs.upv.es\/wp-content\/uploads\/2023\/03\/niveles-herramienta.png\",\"contentUrl\":\"https:\/\/innoecotur.webs.upv.es\/wp-content\/uploads\/2023\/03\/niveles-herramienta.png\"},{\"@type\":\"BreadcrumbList\",\"@id\":\"https:\/\/innoecotur.webs.upv.es\/herramienta-ec\/#breadcrumb\",\"itemListElement\":[{\"@type\":\"ListItem\",\"position\":1,\"name\":\"Portada\",\"item\":\"https:\/\/innoecotur.webs.upv.es\/\"},{\"@type\":\"ListItem\",\"position\":2,\"name\":\"Herramienta EC\"}]},{\"@type\":\"WebSite\",\"@id\":\"https:\/\/innoecotur.webs.upv.es\/#website\",\"url\":\"https:\/\/innoecotur.webs.upv.es\/\",\"name\":\"Lab Hot-EC - Econom\u00eda Circular en el sector tur\u00edstico de la Comunitat Valenciana.\",\"description\":\"Econom\u00eda Circular en el sector tur\u00edstico de la Comunitat Valenciana.\",\"publisher\":{\"@id\":\"https:\/\/innoecotur.webs.upv.es\/#organization\"},\"alternateName\":\"Lab Hot-EC Econom\u00eda Circular\",\"potentialAction\":[{\"@type\":\"SearchAction\",\"target\":{\"@type\":\"EntryPoint\",\"urlTemplate\":\"https:\/\/innoecotur.webs.upv.es\/?s={search_term_string}\"},\"query-input\":{\"@type\":\"PropertyValueSpecification\",\"valueRequired\":true,\"valueName\":\"search_term_string\"}}],\"inLanguage\":\"en-GB\"},{\"@type\":\"Organization\",\"@id\":\"https:\/\/innoecotur.webs.upv.es\/#organization\",\"name\":\"Lab Hot-EC - Econom\u00eda Circular en el sector tur\u00edstico de la Comunitat Valenciana.\",\"alternateName\":\"Lab Hot-EC\",\"url\":\"https:\/\/innoecotur.webs.upv.es\/\",\"logo\":{\"@type\":\"ImageObject\",\"inLanguage\":\"en-GB\",\"@id\":\"https:\/\/innoecotur.webs.upv.es\/#\/schema\/logo\/image\/\",\"url\":\"https:\/\/innoecotur.webs.upv.es\/wp-content\/uploads\/2024\/02\/labhotec-news.png\",\"contentUrl\":\"https:\/\/innoecotur.webs.upv.es\/wp-content\/uploads\/2024\/02\/labhotec-news.png\",\"width\":1200,\"height\":600,\"caption\":\"Lab Hot-EC - Econom\u00eda Circular en el sector tur\u00edstico de la Comunitat Valenciana.\"},\"image\":{\"@id\":\"https:\/\/innoecotur.webs.upv.es\/#\/schema\/logo\/image\/\"},\"sameAs\":[\"https:\/\/www.facebook.com\/labhotec.project\/\",\"https:\/\/x.com\/labhotec\",\"https:\/\/www.instagram.com\/labhotec\/\",\"https:\/\/www.linkedin.com\/in\/labhotec-project\/\"]}]}<\/script>\n<!-- \/ Yoast SEO plugin. -->","yoast_head_json":{"title":"Herramienta EC - Lab Hot-EC","robots":{"index":"index","follow":"follow","max-snippet":"max-snippet:-1","max-image-preview":"max-image-preview:large","max-video-preview":"max-video-preview:-1"},"canonical":"https:\/\/innoecotur.webs.upv.es\/en\/herramienta-ec\/","og_locale":"en_GB","og_type":"article","og_title":"Herramienta EC - Lab Hot-EC","og_description":"Lab Hot-EC Herramienta ECEn Lab Hot-EC estamos creando una herramienta de autodiagn\u00f3stico de circularidad para Hoteles que tiene 3 niveles: B\u00c1SICO INTERMEDIO AVANZADO El objetivo de esta herramienta es que los hoteles puedan autoevaluar su nivel de circularidad\u00a0y desarrollar un plan de acci\u00f3n para mejorar la circularidad de los mismos. En esta Primera fase se [&hellip;]","og_url":"https:\/\/innoecotur.webs.upv.es\/en\/herramienta-ec\/","og_site_name":"Lab Hot-EC","article_publisher":"https:\/\/www.facebook.com\/labhotec.project\/","article_modified_time":"2024-07-08T07:24:25+00:00","og_image":[{"url":"https:\/\/innoecotur.webs.upv.es\/wp-content\/uploads\/2023\/03\/niveles-herramienta.png","type":"","width":"","height":""}],"twitter_card":"summary_large_image","twitter_site":"@labhotec","twitter_misc":{"Estimated reading time":"1 minute"},"schema":{"@context":"https:\/\/schema.org","@graph":[{"@type":"WebPage","@id":"https:\/\/innoecotur.webs.upv.es\/herramienta-ec\/","url":"https:\/\/innoecotur.webs.upv.es\/herramienta-ec\/","name":"Herramienta EC - Lab Hot-EC","isPartOf":{"@id":"https:\/\/innoecotur.webs.upv.es\/#website"},"primaryImageOfPage":{"@id":"https:\/\/innoecotur.webs.upv.es\/herramienta-ec\/#primaryimage"},"image":{"@id":"https:\/\/innoecotur.webs.upv.es\/herramienta-ec\/#primaryimage"},"thumbnailUrl":"https:\/\/innoecotur.webs.upv.es\/wp-content\/uploads\/2023\/03\/niveles-herramienta.png","datePublished":"2023-03-08T09:38:02+00:00","dateModified":"2024-07-08T07:24:25+00:00","breadcrumb":{"@id":"https:\/\/innoecotur.webs.upv.es\/herramienta-ec\/#breadcrumb"},"inLanguage":"en-GB","potentialAction":[{"@type":"ReadAction","target":["https:\/\/innoecotur.webs.upv.es\/herramienta-ec\/"]}]},{"@type":"ImageObject","inLanguage":"en-GB","@id":"https:\/\/innoecotur.webs.upv.es\/herramienta-ec\/#primaryimage","url":"https:\/\/innoecotur.webs.upv.es\/wp-content\/uploads\/2023\/03\/niveles-herramienta.png","contentUrl":"https:\/\/innoecotur.webs.upv.es\/wp-content\/uploads\/2023\/03\/niveles-herramienta.png"},{"@type":"BreadcrumbList","@id":"https:\/\/innoecotur.webs.upv.es\/herramienta-ec\/#breadcrumb","itemListElement":[{"@type":"ListItem","position":1,"name":"Portada","item":"https:\/\/innoecotur.webs.upv.es\/"},{"@type":"ListItem","position":2,"name":"Herramienta EC"}]},{"@type":"WebSite","@id":"https:\/\/innoecotur.webs.upv.es\/#website","url":"https:\/\/innoecotur.webs.upv.es\/","name":"Lab Hot-EC - Econom\u00eda Circular en el sector tur\u00edstico de la Comunitat Valenciana.","description":"Econom\u00eda Circular en el sector tur\u00edstico de la Comunitat Valenciana.","publisher":{"@id":"https:\/\/innoecotur.webs.upv.es\/#organization"},"alternateName":"Lab Hot-EC Econom\u00eda Circular","potentialAction":[{"@type":"SearchAction","target":{"@type":"EntryPoint","urlTemplate":"https:\/\/innoecotur.webs.upv.es\/?s={search_term_string}"},"query-input":{"@type":"PropertyValueSpecification","valueRequired":true,"valueName":"search_term_string"}}],"inLanguage":"en-GB"},{"@type":"Organization","@id":"https:\/\/innoecotur.webs.upv.es\/#organization","name":"Lab Hot-EC - Econom\u00eda Circular en el sector tur\u00edstico de la Comunitat Valenciana.","alternateName":"Lab Hot-EC","url":"https:\/\/innoecotur.webs.upv.es\/","logo":{"@type":"ImageObject","inLanguage":"en-GB","@id":"https:\/\/innoecotur.webs.upv.es\/#\/schema\/logo\/image\/","url":"https:\/\/innoecotur.webs.upv.es\/wp-content\/uploads\/2024\/02\/labhotec-news.png","contentUrl":"https:\/\/innoecotur.webs.upv.es\/wp-content\/uploads\/2024\/02\/labhotec-news.png","width":1200,"height":600,"caption":"Lab Hot-EC - Econom\u00eda Circular en el sector tur\u00edstico de la Comunitat Valenciana."},"image":{"@id":"https:\/\/innoecotur.webs.upv.es\/#\/schema\/logo\/image\/"},"sameAs":["https:\/\/www.facebook.com\/labhotec.project\/","https:\/\/x.com\/labhotec","https:\/\/www.instagram.com\/labhotec\/","https:\/\/www.linkedin.com\/in\/labhotec-project\/"]}]}},"_links":{"self":[{"href":"https:\/\/innoecotur.webs.upv.es\/en\/wp-json\/wp\/v2\/pages\/3864","targetHints":{"allow":["GET"]}}],"collection":[{"href":"https:\/\/innoecotur.webs.upv.es\/en\/wp-json\/wp\/v2\/pages"}],"about":[{"href":"https:\/\/innoecotur.webs.upv.es\/en\/wp-json\/wp\/v2\/types\/page"}],"author":[{"embeddable":true,"href":"https:\/\/innoecotur.webs.upv.es\/en\/wp-json\/wp\/v2\/users\/5"}],"replies":[{"embeddable":true,"href":"https:\/\/innoecotur.webs.upv.es\/en\/wp-json\/wp\/v2\/comments?post=3864"}],"version-history":[{"count":2,"href":"https:\/\/innoecotur.webs.upv.es\/en\/wp-json\/wp\/v2\/pages\/3864\/revisions"}],"predecessor-version":[{"id":263005,"href":"https:\/\/innoecotur.webs.upv.es\/en\/wp-json\/wp\/v2\/pages\/3864\/revisions\/263005"}],"wp:attachment":[{"href":"https:\/\/innoecotur.webs.upv.es\/en\/wp-json\/wp\/v2\/media?parent=3864"}],"curies":[{"name":"wp","href":"https:\/\/api.w.org\/{rel}","templated":true}]}}