{"id":3400,"date":"2022-12-19T12:46:28","date_gmt":"2022-12-19T12:46:28","guid":{"rendered":"https:\/\/innoecotur.webs.upv.es\/?page_id=3400"},"modified":"2024-05-31T09:21:10","modified_gmt":"2024-05-31T09:21:10","slug":"comunicacion","status":"publish","type":"page","link":"https:\/\/innoecotur.webs.upv.es\/en\/comunicacion\/","title":{"rendered":"Communication"},"content":{"rendered":"<p>[et_pb_section fb_built=\u00bb1&#8243; _builder_version=\u00bb4.24.0&#8243; use_background_color_gradient=\u00bbon\u00bb background_color_gradient_direction=\u00bb90deg\u00bb background_color_gradient_stops=\u00bb#ffffff 50%|rgba(12,113,195,0) 50%\u00bb background_color_gradient_overlays_image=\u00bbon\u00bb background_color_gradient_start=\u00bb#ffffff\u00bb background_color_gradient_start_position=\u00bb50%\u00bb background_color_gradient_end=\u00bbrgba(12,113,195,0)\u00bb background_color_gradient_end_position=\u00bb0%\u00bb background_image=\u00bbhttps:\/\/innoecotur.webs.upv.es\/wp-content\/uploads\/2024\/02\/comunicacion.jpg\u00bb height=\u00bb50vh\u00bb custom_padding=\u00bb20vh||||false|false\u00bb top_divider_style=\u00bbarrow\u00bb top_divider_color=\u00bbrgba(238,238,238,0.7)\u00bb top_divider_height=\u00bb50vh\u00bb locked=\u00bboff\u00bb global_colors_info=\u00bb{}\u00bb][et_pb_row _builder_version=\u00bb4.16&#8243; global_colors_info=\u00bb{}\u00bb][et_pb_column type=\u00bb4_4&#8243; _builder_version=\u00bb4.16&#8243; global_colors_info=\u00bb{}\u00bb][et_pb_text _builder_version=\u00bb4.24.0&#8243; text_font=\u00bb|600|||||||\u00bb text_line_height=\u00bb1.8em\u00bb header_2_font=\u00bbOswald|500||on|||||\u00bb header_2_font_size=\u00bb80px\u00bb header_4_font=\u00bbMerriweather||||||||\u00bb header_4_text_color=\u00bb#e94558&#8243; header_4_line_height=\u00bb1.4em\u00bb header_2_font_size_tablet=\u00bb60px\u00bb header_2_font_size_phone=\u00bb35px\u00bb header_2_font_size_last_edited=\u00bbon|phone\u00bb header_4_font_size_tablet=\u00bb20px\u00bb header_4_font_size_phone=\u00bb14px\u00bb header_4_font_size_last_edited=\u00bbon|phone\u00bb locked=\u00bboff\u00bb global_colors_info=\u00bb{}\u00bb]<\/p>\n<h4>Lab Hot-EC<\/h4>\n<h2>Comunicaci\u00f3n<\/h2>\n<p>[\/et_pb_text][\/et_pb_column][\/et_pb_row][\/et_pb_section][et_pb_section fb_built=\u00bb1&#8243; _builder_version=\u00bb4.16&#8243; _module_preset=\u00bbdefault\u00bb global_colors_info=\u00bb{}\u00bb][et_pb_row _builder_version=\u00bb4.16&#8243; _module_preset=\u00bbdefault\u00bb global_colors_info=\u00bb{}\u00bb][et_pb_column type=\u00bb4_4&#8243; _builder_version=\u00bb4.16&#8243; _module_preset=\u00bbdefault\u00bb global_colors_info=\u00bb{}\u00bb][et_pb_blog fullwidth=\u00bboff\u00bb posts_number=\u00bb15&#8243; include_categories=\u00bb110&#8243; meta_date=\u00bbj M, Y\u00bb show_more=\u00bbon\u00bb show_author=\u00bboff\u00bb use_overlay=\u00bbon\u00bb overlay_icon_color=\u00bb#b81a5d\u00bb hover_overlay_color=\u00bbrgba(245,156,56,0.8)\u00bb hover_icon=\u00bb&#xf0fe;||fa||400&#8243; _builder_version=\u00bb4.25.1&#8243; _module_preset=\u00bbdefault\u00bb header_font=\u00bb|600||on|||||\u00bb header_font_size=\u00bb16px\u00bb header_line_height=\u00bb1.3em\u00bb body_font_size=\u00bb14px\u00bb body_line_height=\u00bb1.3em\u00bb meta_text_color=\u00bb#373b62&#8243; meta_font_size=\u00bb13px\u00bb meta_line_height=\u00bb1.4em\u00bb read_more_font=\u00bb|||on|||||\u00bb read_more_text_color=\u00bb#f59c38&#8243; read_more_font_size=\u00bb15px\u00bb read_more_line_height=\u00bb2em\u00bb border_radii=\u00bbon|10px|10px|10px|10px\u00bb border_color_all=\u00bb#f59c38&#8243; box_shadow_style=\u00bbpreset1&#8243; locked=\u00bboff\u00bb global_colors_info=\u00bb{}\u00bb][\/et_pb_blog][\/et_pb_column][\/et_pb_row][\/et_pb_section]<\/p>\n","protected":false},"excerpt":{"rendered":"<p>Lab Hot-EC Comunicaci\u00f3n<\/p>","protected":false},"author":5,"featured_media":0,"parent":0,"menu_order":0,"comment_status":"closed","ping_status":"closed","template":"","meta":{"_acf_changed":false,"_et_pb_use_builder":"on","_et_pb_old_content":"","_et_gb_content_width":"","footnotes":""},"class_list":["post-3400","page","type-page","status-publish","hentry"],"acf":[],"yoast_head":"<!-- This site is optimized with the Yoast SEO plugin v25.4 - https:\/\/yoast.com\/wordpress\/plugins\/seo\/ -->\n<title>Comunicaci\u00f3n - Lab Hot-EC<\/title>\n<meta name=\"robots\" content=\"index, follow, max-snippet:-1, max-image-preview:large, max-video-preview:-1\" \/>\n<link rel=\"canonical\" href=\"https:\/\/innoecotur.webs.upv.es\/en\/comunicacion\/\" \/>\n<meta property=\"og:locale\" content=\"en_GB\" \/>\n<meta property=\"og:type\" content=\"article\" \/>\n<meta property=\"og:title\" content=\"Comunicaci\u00f3n - Lab Hot-EC\" \/>\n<meta property=\"og:description\" content=\"Lab Hot-EC Comunicaci\u00f3n\" \/>\n<meta property=\"og:url\" content=\"https:\/\/innoecotur.webs.upv.es\/en\/comunicacion\/\" \/>\n<meta property=\"og:site_name\" content=\"Lab Hot-EC\" \/>\n<meta property=\"article:publisher\" content=\"https:\/\/www.facebook.com\/labhotec.project\/\" \/>\n<meta property=\"article:modified_time\" content=\"2024-05-31T09:21:10+00:00\" \/>\n<meta property=\"og:image\" content=\"https:\/\/innoecotur.webs.upv.es\/wp-content\/uploads\/2024\/02\/labhotec-news.png\" \/>\n\t<meta property=\"og:image:width\" content=\"1200\" \/>\n\t<meta property=\"og:image:height\" content=\"600\" \/>\n\t<meta property=\"og:image:type\" content=\"image\/png\" \/>\n<meta name=\"twitter:card\" content=\"summary_large_image\" \/>\n<meta name=\"twitter:site\" content=\"@labhotec\" \/>\n<meta name=\"twitter:label1\" content=\"Estimated reading time\" \/>\n\t<meta name=\"twitter:data1\" content=\"7 minutes\" \/>\n<script type=\"application\/ld+json\" class=\"yoast-schema-graph\">{\"@context\":\"https:\/\/schema.org\",\"@graph\":[{\"@type\":\"WebPage\",\"@id\":\"https:\/\/innoecotur.webs.upv.es\/comunicacion\/\",\"url\":\"https:\/\/innoecotur.webs.upv.es\/comunicacion\/\",\"name\":\"Comunicaci\u00f3n - Lab Hot-EC\",\"isPartOf\":{\"@id\":\"https:\/\/innoecotur.webs.upv.es\/#website\"},\"datePublished\":\"2022-12-19T12:46:28+00:00\",\"dateModified\":\"2024-05-31T09:21:10+00:00\",\"breadcrumb\":{\"@id\":\"https:\/\/innoecotur.webs.upv.es\/comunicacion\/#breadcrumb\"},\"inLanguage\":\"en-GB\",\"potentialAction\":[{\"@type\":\"ReadAction\",\"target\":[\"https:\/\/innoecotur.webs.upv.es\/comunicacion\/\"]}]},{\"@type\":\"BreadcrumbList\",\"@id\":\"https:\/\/innoecotur.webs.upv.es\/comunicacion\/#breadcrumb\",\"itemListElement\":[{\"@type\":\"ListItem\",\"position\":1,\"name\":\"Portada\",\"item\":\"https:\/\/innoecotur.webs.upv.es\/\"},{\"@type\":\"ListItem\",\"position\":2,\"name\":\"Comunicaci\u00f3n\"}]},{\"@type\":\"WebSite\",\"@id\":\"https:\/\/innoecotur.webs.upv.es\/#website\",\"url\":\"https:\/\/innoecotur.webs.upv.es\/\",\"name\":\"Lab Hot-EC - Econom\u00eda Circular en el sector tur\u00edstico de la Comunitat Valenciana.\",\"description\":\"Econom\u00eda Circular en el sector tur\u00edstico de la Comunitat Valenciana.\",\"publisher\":{\"@id\":\"https:\/\/innoecotur.webs.upv.es\/#organization\"},\"alternateName\":\"Lab Hot-EC Econom\u00eda Circular\",\"potentialAction\":[{\"@type\":\"SearchAction\",\"target\":{\"@type\":\"EntryPoint\",\"urlTemplate\":\"https:\/\/innoecotur.webs.upv.es\/?s={search_term_string}\"},\"query-input\":{\"@type\":\"PropertyValueSpecification\",\"valueRequired\":true,\"valueName\":\"search_term_string\"}}],\"inLanguage\":\"en-GB\"},{\"@type\":\"Organization\",\"@id\":\"https:\/\/innoecotur.webs.upv.es\/#organization\",\"name\":\"Lab Hot-EC - Econom\u00eda Circular en el sector tur\u00edstico de la Comunitat Valenciana.\",\"alternateName\":\"Lab Hot-EC\",\"url\":\"https:\/\/innoecotur.webs.upv.es\/\",\"logo\":{\"@type\":\"ImageObject\",\"inLanguage\":\"en-GB\",\"@id\":\"https:\/\/innoecotur.webs.upv.es\/#\/schema\/logo\/image\/\",\"url\":\"https:\/\/innoecotur.webs.upv.es\/wp-content\/uploads\/2024\/02\/labhotec-news.png\",\"contentUrl\":\"https:\/\/innoecotur.webs.upv.es\/wp-content\/uploads\/2024\/02\/labhotec-news.png\",\"width\":1200,\"height\":600,\"caption\":\"Lab Hot-EC - Econom\u00eda Circular en el sector tur\u00edstico de la Comunitat Valenciana.\"},\"image\":{\"@id\":\"https:\/\/innoecotur.webs.upv.es\/#\/schema\/logo\/image\/\"},\"sameAs\":[\"https:\/\/www.facebook.com\/labhotec.project\/\",\"https:\/\/x.com\/labhotec\",\"https:\/\/www.instagram.com\/labhotec\/\",\"https:\/\/www.linkedin.com\/in\/labhotec-project\/\"]}]}<\/script>\n<!-- \/ Yoast SEO plugin. -->","yoast_head_json":{"title":"Comunicaci\u00f3n - Lab Hot-EC","robots":{"index":"index","follow":"follow","max-snippet":"max-snippet:-1","max-image-preview":"max-image-preview:large","max-video-preview":"max-video-preview:-1"},"canonical":"https:\/\/innoecotur.webs.upv.es\/en\/comunicacion\/","og_locale":"en_GB","og_type":"article","og_title":"Comunicaci\u00f3n - Lab Hot-EC","og_description":"Lab Hot-EC Comunicaci\u00f3n","og_url":"https:\/\/innoecotur.webs.upv.es\/en\/comunicacion\/","og_site_name":"Lab Hot-EC","article_publisher":"https:\/\/www.facebook.com\/labhotec.project\/","article_modified_time":"2024-05-31T09:21:10+00:00","og_image":[{"width":1200,"height":600,"url":"https:\/\/innoecotur.webs.upv.es\/wp-content\/uploads\/2024\/02\/labhotec-news.png","type":"image\/png"}],"twitter_card":"summary_large_image","twitter_site":"@labhotec","twitter_misc":{"Estimated reading time":"7 minutes"},"schema":{"@context":"https:\/\/schema.org","@graph":[{"@type":"WebPage","@id":"https:\/\/innoecotur.webs.upv.es\/comunicacion\/","url":"https:\/\/innoecotur.webs.upv.es\/comunicacion\/","name":"Comunicaci\u00f3n - Lab Hot-EC","isPartOf":{"@id":"https:\/\/innoecotur.webs.upv.es\/#website"},"datePublished":"2022-12-19T12:46:28+00:00","dateModified":"2024-05-31T09:21:10+00:00","breadcrumb":{"@id":"https:\/\/innoecotur.webs.upv.es\/comunicacion\/#breadcrumb"},"inLanguage":"en-GB","potentialAction":[{"@type":"ReadAction","target":["https:\/\/innoecotur.webs.upv.es\/comunicacion\/"]}]},{"@type":"BreadcrumbList","@id":"https:\/\/innoecotur.webs.upv.es\/comunicacion\/#breadcrumb","itemListElement":[{"@type":"ListItem","position":1,"name":"Portada","item":"https:\/\/innoecotur.webs.upv.es\/"},{"@type":"ListItem","position":2,"name":"Comunicaci\u00f3n"}]},{"@type":"WebSite","@id":"https:\/\/innoecotur.webs.upv.es\/#website","url":"https:\/\/innoecotur.webs.upv.es\/","name":"Lab Hot-EC - Econom\u00eda Circular en el sector tur\u00edstico de la Comunitat Valenciana.","description":"Econom\u00eda Circular en el sector tur\u00edstico de la Comunitat Valenciana.","publisher":{"@id":"https:\/\/innoecotur.webs.upv.es\/#organization"},"alternateName":"Lab Hot-EC Econom\u00eda Circular","potentialAction":[{"@type":"SearchAction","target":{"@type":"EntryPoint","urlTemplate":"https:\/\/innoecotur.webs.upv.es\/?s={search_term_string}"},"query-input":{"@type":"PropertyValueSpecification","valueRequired":true,"valueName":"search_term_string"}}],"inLanguage":"en-GB"},{"@type":"Organization","@id":"https:\/\/innoecotur.webs.upv.es\/#organization","name":"Lab Hot-EC - Econom\u00eda Circular en el sector tur\u00edstico de la Comunitat Valenciana.","alternateName":"Lab Hot-EC","url":"https:\/\/innoecotur.webs.upv.es\/","logo":{"@type":"ImageObject","inLanguage":"en-GB","@id":"https:\/\/innoecotur.webs.upv.es\/#\/schema\/logo\/image\/","url":"https:\/\/innoecotur.webs.upv.es\/wp-content\/uploads\/2024\/02\/labhotec-news.png","contentUrl":"https:\/\/innoecotur.webs.upv.es\/wp-content\/uploads\/2024\/02\/labhotec-news.png","width":1200,"height":600,"caption":"Lab Hot-EC - Econom\u00eda Circular en el sector tur\u00edstico de la Comunitat Valenciana."},"image":{"@id":"https:\/\/innoecotur.webs.upv.es\/#\/schema\/logo\/image\/"},"sameAs":["https:\/\/www.facebook.com\/labhotec.project\/","https:\/\/x.com\/labhotec","https:\/\/www.instagram.com\/labhotec\/","https:\/\/www.linkedin.com\/in\/labhotec-project\/"]}]}},"_links":{"self":[{"href":"https:\/\/innoecotur.webs.upv.es\/en\/wp-json\/wp\/v2\/pages\/3400","targetHints":{"allow":["GET"]}}],"collection":[{"href":"https:\/\/innoecotur.webs.upv.es\/en\/wp-json\/wp\/v2\/pages"}],"about":[{"href":"https:\/\/innoecotur.webs.upv.es\/en\/wp-json\/wp\/v2\/types\/page"}],"author":[{"embeddable":true,"href":"https:\/\/innoecotur.webs.upv.es\/en\/wp-json\/wp\/v2\/users\/5"}],"replies":[{"embeddable":true,"href":"https:\/\/innoecotur.webs.upv.es\/en\/wp-json\/wp\/v2\/comments?post=3400"}],"version-history":[{"count":0,"href":"https:\/\/innoecotur.webs.upv.es\/en\/wp-json\/wp\/v2\/pages\/3400\/revisions"}],"wp:attachment":[{"href":"https:\/\/innoecotur.webs.upv.es\/en\/wp-json\/wp\/v2\/media?parent=3400"}],"curies":[{"name":"wp","href":"https:\/\/api.w.org\/{rel}","templated":true}]}}