{"id":1443,"date":"2022-03-16T08:18:43","date_gmt":"2022-03-16T08:18:43","guid":{"rendered":"https:\/\/innoecotur.webs.upv.es\/?page_id=1443"},"modified":"2024-05-31T10:15:46","modified_gmt":"2024-05-31T10:15:46","slug":"informacion-clave","status":"publish","type":"page","link":"https:\/\/innoecotur.webs.upv.es\/en\/informacion-clave\/","title":{"rendered":"Key Information"},"content":{"rendered":"<p>[et_pb_section fb_built=\u00bb1&#8243; _builder_version=\u00bb4.24.0&#8243; use_background_color_gradient=\u00bbon\u00bb background_color_gradient_direction=\u00bb90deg\u00bb background_color_gradient_stops=\u00bb#ffffff 50%|rgba(12,113,195,0) 50%\u00bb background_color_gradient_overlays_image=\u00bbon\u00bb background_color_gradient_start=\u00bb#ffffff\u00bb background_color_gradient_start_position=\u00bb50%\u00bb background_color_gradient_end=\u00bbrgba(12,113,195,0)\u00bb background_color_gradient_end_position=\u00bb0%\u00bb background_image=\u00bbhttps:\/\/innoecotur.webs.upv.es\/wp-content\/uploads\/2024\/02\/info.jpg\u00bb height=\u00bb50vh\u00bb custom_padding=\u00bb20vh||||false|false\u00bb top_divider_style=\u00bbarrow\u00bb top_divider_color=\u00bbrgba(238,238,238,0.7)\u00bb top_divider_height=\u00bb50vh\u00bb locked=\u00bboff\u00bb global_colors_info=\u00bb{}\u00bb][et_pb_row _builder_version=\u00bb4.16&#8243; global_colors_info=\u00bb{}\u00bb][et_pb_column type=\u00bb4_4&#8243; _builder_version=\u00bb4.16&#8243; global_colors_info=\u00bb{}\u00bb][et_pb_text _builder_version=\u00bb4.24.0&#8243; text_font=\u00bb|600|||||||\u00bb text_line_height=\u00bb1.8em\u00bb header_2_font=\u00bbOswald|500||on|||||\u00bb header_2_font_size=\u00bb80px\u00bb header_4_font=\u00bbMerriweather||||||||\u00bb header_4_text_color=\u00bb#e94558&#8243; header_4_line_height=\u00bb1.4em\u00bb header_2_font_size_tablet=\u00bb60px\u00bb header_2_font_size_phone=\u00bb35px\u00bb header_2_font_size_last_edited=\u00bbon|phone\u00bb header_4_font_size_tablet=\u00bb20px\u00bb header_4_font_size_phone=\u00bb14px\u00bb header_4_font_size_last_edited=\u00bbon|phone\u00bb locked=\u00bboff\u00bb global_colors_info=\u00bb{}\u00bb]<\/p>\n<h4>Lab Hot-EC<\/h4>\n<h2>Informaci\u00f3n Clave<\/h2>\n<p>[\/et_pb_text][\/et_pb_column][\/et_pb_row][\/et_pb_section][et_pb_section fb_built=\u00bb1&#8243; admin_label=\u00bbsection\u00bb _builder_version=\u00bb4.16&#8243; global_colors_info=\u00bb{}\u00bb][et_pb_row admin_label=\u00bbrow\u00bb _builder_version=\u00bb4.16&#8243; background_size=\u00bbinitial\u00bb background_position=\u00bbtop_left\u00bb background_repeat=\u00bbrepeat\u00bb global_colors_info=\u00bb{}\u00bb][et_pb_column type=\u00bb4_4&#8243; _builder_version=\u00bb4.16&#8243; custom_padding=\u00bb|||\u00bb global_colors_info=\u00bb{}\u00bb custom_padding__hover=\u00bb|||\u00bb][et_pb_filterable_portfolio fullwidth=\u00bboff\u00bb posts_number=\u00bb0&#8243; include_categories=\u00bb101,107,102&#8243; zoom_icon_color=\u00bb#ffffff\u00bb hover_overlay_color=\u00bbrgba(62,168,67,0.7)\u00bb hover_icon=\u00bb&#x50;||divi||400&#8243; _builder_version=\u00bb4.24.2&#8243; _module_preset=\u00bbdefault\u00bb border_radii_image=\u00bbon|0px|0px|0px|0px\u00bb border_width_all_image=\u00bb1px\u00bb border_color_all_image=\u00bb#fcc521&#8243; box_shadow_style_image=\u00bbpreset3&#8243; global_colors_info=\u00bb{}\u00bb][\/et_pb_filterable_portfolio][\/et_pb_column][\/et_pb_row][\/et_pb_section]<\/p>\n","protected":false},"excerpt":{"rendered":"<p>Lab Hot-EC Informaci\u00f3n Clave<\/p>","protected":false},"author":5,"featured_media":0,"parent":0,"menu_order":0,"comment_status":"closed","ping_status":"closed","template":"","meta":{"_acf_changed":false,"_et_pb_use_builder":"on","_et_pb_old_content":"","_et_gb_content_width":"","footnotes":""},"class_list":["post-1443","page","type-page","status-publish","hentry"],"acf":[],"yoast_head":"<!-- This site is optimized with the Yoast SEO plugin v25.4 - https:\/\/yoast.com\/wordpress\/plugins\/seo\/ -->\n<title>Informaci\u00f3n Clave - Lab Hot-EC<\/title>\n<meta name=\"robots\" content=\"index, follow, max-snippet:-1, max-image-preview:large, max-video-preview:-1\" \/>\n<link rel=\"canonical\" href=\"https:\/\/innoecotur.webs.upv.es\/en\/informacion-clave\/\" \/>\n<meta property=\"og:locale\" content=\"en_GB\" \/>\n<meta property=\"og:type\" content=\"article\" \/>\n<meta property=\"og:title\" content=\"Informaci\u00f3n Clave - Lab Hot-EC\" \/>\n<meta property=\"og:description\" content=\"Lab Hot-EC Informaci\u00f3n Clave\" \/>\n<meta property=\"og:url\" content=\"https:\/\/innoecotur.webs.upv.es\/en\/informacion-clave\/\" \/>\n<meta property=\"og:site_name\" content=\"Lab Hot-EC\" \/>\n<meta property=\"article:publisher\" content=\"https:\/\/www.facebook.com\/labhotec.project\/\" \/>\n<meta property=\"article:modified_time\" content=\"2024-05-31T10:15:46+00:00\" \/>\n<meta property=\"og:image\" content=\"https:\/\/innoecotur.webs.upv.es\/wp-content\/uploads\/2024\/02\/labhotec-news.png\" \/>\n\t<meta property=\"og:image:width\" content=\"1200\" \/>\n\t<meta property=\"og:image:height\" content=\"600\" \/>\n\t<meta property=\"og:image:type\" content=\"image\/png\" \/>\n<meta name=\"twitter:card\" content=\"summary_large_image\" \/>\n<meta name=\"twitter:site\" content=\"@labhotec\" \/>\n<meta name=\"twitter:label1\" content=\"Estimated reading time\" \/>\n\t<meta name=\"twitter:data1\" content=\"11 minutes\" \/>\n<script type=\"application\/ld+json\" class=\"yoast-schema-graph\">{\"@context\":\"https:\/\/schema.org\",\"@graph\":[{\"@type\":\"WebPage\",\"@id\":\"https:\/\/innoecotur.webs.upv.es\/informacion-clave\/\",\"url\":\"https:\/\/innoecotur.webs.upv.es\/informacion-clave\/\",\"name\":\"Informaci\u00f3n Clave - Lab Hot-EC\",\"isPartOf\":{\"@id\":\"https:\/\/innoecotur.webs.upv.es\/#website\"},\"datePublished\":\"2022-03-16T08:18:43+00:00\",\"dateModified\":\"2024-05-31T10:15:46+00:00\",\"breadcrumb\":{\"@id\":\"https:\/\/innoecotur.webs.upv.es\/informacion-clave\/#breadcrumb\"},\"inLanguage\":\"en-GB\",\"potentialAction\":[{\"@type\":\"ReadAction\",\"target\":[\"https:\/\/innoecotur.webs.upv.es\/informacion-clave\/\"]}]},{\"@type\":\"BreadcrumbList\",\"@id\":\"https:\/\/innoecotur.webs.upv.es\/informacion-clave\/#breadcrumb\",\"itemListElement\":[{\"@type\":\"ListItem\",\"position\":1,\"name\":\"Portada\",\"item\":\"https:\/\/innoecotur.webs.upv.es\/\"},{\"@type\":\"ListItem\",\"position\":2,\"name\":\"Informaci\u00f3n Clave\"}]},{\"@type\":\"WebSite\",\"@id\":\"https:\/\/innoecotur.webs.upv.es\/#website\",\"url\":\"https:\/\/innoecotur.webs.upv.es\/\",\"name\":\"Lab Hot-EC - Econom\u00eda Circular en el sector tur\u00edstico de la Comunitat Valenciana.\",\"description\":\"Econom\u00eda Circular en el sector tur\u00edstico de la Comunitat Valenciana.\",\"publisher\":{\"@id\":\"https:\/\/innoecotur.webs.upv.es\/#organization\"},\"alternateName\":\"Lab Hot-EC Econom\u00eda Circular\",\"potentialAction\":[{\"@type\":\"SearchAction\",\"target\":{\"@type\":\"EntryPoint\",\"urlTemplate\":\"https:\/\/innoecotur.webs.upv.es\/?s={search_term_string}\"},\"query-input\":{\"@type\":\"PropertyValueSpecification\",\"valueRequired\":true,\"valueName\":\"search_term_string\"}}],\"inLanguage\":\"en-GB\"},{\"@type\":\"Organization\",\"@id\":\"https:\/\/innoecotur.webs.upv.es\/#organization\",\"name\":\"Lab Hot-EC - Econom\u00eda Circular en el sector tur\u00edstico de la Comunitat Valenciana.\",\"alternateName\":\"Lab Hot-EC\",\"url\":\"https:\/\/innoecotur.webs.upv.es\/\",\"logo\":{\"@type\":\"ImageObject\",\"inLanguage\":\"en-GB\",\"@id\":\"https:\/\/innoecotur.webs.upv.es\/#\/schema\/logo\/image\/\",\"url\":\"https:\/\/innoecotur.webs.upv.es\/wp-content\/uploads\/2024\/02\/labhotec-news.png\",\"contentUrl\":\"https:\/\/innoecotur.webs.upv.es\/wp-content\/uploads\/2024\/02\/labhotec-news.png\",\"width\":1200,\"height\":600,\"caption\":\"Lab Hot-EC - Econom\u00eda Circular en el sector tur\u00edstico de la Comunitat Valenciana.\"},\"image\":{\"@id\":\"https:\/\/innoecotur.webs.upv.es\/#\/schema\/logo\/image\/\"},\"sameAs\":[\"https:\/\/www.facebook.com\/labhotec.project\/\",\"https:\/\/x.com\/labhotec\",\"https:\/\/www.instagram.com\/labhotec\/\",\"https:\/\/www.linkedin.com\/in\/labhotec-project\/\"]}]}<\/script>\n<!-- \/ Yoast SEO plugin. -->","yoast_head_json":{"title":"Informaci\u00f3n Clave - Lab Hot-EC","robots":{"index":"index","follow":"follow","max-snippet":"max-snippet:-1","max-image-preview":"max-image-preview:large","max-video-preview":"max-video-preview:-1"},"canonical":"https:\/\/innoecotur.webs.upv.es\/en\/informacion-clave\/","og_locale":"en_GB","og_type":"article","og_title":"Informaci\u00f3n Clave - Lab Hot-EC","og_description":"Lab Hot-EC Informaci\u00f3n Clave","og_url":"https:\/\/innoecotur.webs.upv.es\/en\/informacion-clave\/","og_site_name":"Lab Hot-EC","article_publisher":"https:\/\/www.facebook.com\/labhotec.project\/","article_modified_time":"2024-05-31T10:15:46+00:00","og_image":[{"width":1200,"height":600,"url":"https:\/\/innoecotur.webs.upv.es\/wp-content\/uploads\/2024\/02\/labhotec-news.png","type":"image\/png"}],"twitter_card":"summary_large_image","twitter_site":"@labhotec","twitter_misc":{"Estimated reading time":"11 minutes"},"schema":{"@context":"https:\/\/schema.org","@graph":[{"@type":"WebPage","@id":"https:\/\/innoecotur.webs.upv.es\/informacion-clave\/","url":"https:\/\/innoecotur.webs.upv.es\/informacion-clave\/","name":"Informaci\u00f3n Clave - Lab Hot-EC","isPartOf":{"@id":"https:\/\/innoecotur.webs.upv.es\/#website"},"datePublished":"2022-03-16T08:18:43+00:00","dateModified":"2024-05-31T10:15:46+00:00","breadcrumb":{"@id":"https:\/\/innoecotur.webs.upv.es\/informacion-clave\/#breadcrumb"},"inLanguage":"en-GB","potentialAction":[{"@type":"ReadAction","target":["https:\/\/innoecotur.webs.upv.es\/informacion-clave\/"]}]},{"@type":"BreadcrumbList","@id":"https:\/\/innoecotur.webs.upv.es\/informacion-clave\/#breadcrumb","itemListElement":[{"@type":"ListItem","position":1,"name":"Portada","item":"https:\/\/innoecotur.webs.upv.es\/"},{"@type":"ListItem","position":2,"name":"Informaci\u00f3n Clave"}]},{"@type":"WebSite","@id":"https:\/\/innoecotur.webs.upv.es\/#website","url":"https:\/\/innoecotur.webs.upv.es\/","name":"Lab Hot-EC - Econom\u00eda Circular en el sector tur\u00edstico de la Comunitat Valenciana.","description":"Econom\u00eda Circular en el sector tur\u00edstico de la Comunitat Valenciana.","publisher":{"@id":"https:\/\/innoecotur.webs.upv.es\/#organization"},"alternateName":"Lab Hot-EC Econom\u00eda Circular","potentialAction":[{"@type":"SearchAction","target":{"@type":"EntryPoint","urlTemplate":"https:\/\/innoecotur.webs.upv.es\/?s={search_term_string}"},"query-input":{"@type":"PropertyValueSpecification","valueRequired":true,"valueName":"search_term_string"}}],"inLanguage":"en-GB"},{"@type":"Organization","@id":"https:\/\/innoecotur.webs.upv.es\/#organization","name":"Lab Hot-EC - Econom\u00eda Circular en el sector tur\u00edstico de la Comunitat Valenciana.","alternateName":"Lab Hot-EC","url":"https:\/\/innoecotur.webs.upv.es\/","logo":{"@type":"ImageObject","inLanguage":"en-GB","@id":"https:\/\/innoecotur.webs.upv.es\/#\/schema\/logo\/image\/","url":"https:\/\/innoecotur.webs.upv.es\/wp-content\/uploads\/2024\/02\/labhotec-news.png","contentUrl":"https:\/\/innoecotur.webs.upv.es\/wp-content\/uploads\/2024\/02\/labhotec-news.png","width":1200,"height":600,"caption":"Lab Hot-EC - Econom\u00eda Circular en el sector tur\u00edstico de la Comunitat Valenciana."},"image":{"@id":"https:\/\/innoecotur.webs.upv.es\/#\/schema\/logo\/image\/"},"sameAs":["https:\/\/www.facebook.com\/labhotec.project\/","https:\/\/x.com\/labhotec","https:\/\/www.instagram.com\/labhotec\/","https:\/\/www.linkedin.com\/in\/labhotec-project\/"]}]}},"_links":{"self":[{"href":"https:\/\/innoecotur.webs.upv.es\/en\/wp-json\/wp\/v2\/pages\/1443","targetHints":{"allow":["GET"]}}],"collection":[{"href":"https:\/\/innoecotur.webs.upv.es\/en\/wp-json\/wp\/v2\/pages"}],"about":[{"href":"https:\/\/innoecotur.webs.upv.es\/en\/wp-json\/wp\/v2\/types\/page"}],"author":[{"embeddable":true,"href":"https:\/\/innoecotur.webs.upv.es\/en\/wp-json\/wp\/v2\/users\/5"}],"replies":[{"embeddable":true,"href":"https:\/\/innoecotur.webs.upv.es\/en\/wp-json\/wp\/v2\/comments?post=1443"}],"version-history":[{"count":0,"href":"https:\/\/innoecotur.webs.upv.es\/en\/wp-json\/wp\/v2\/pages\/1443\/revisions"}],"wp:attachment":[{"href":"https:\/\/innoecotur.webs.upv.es\/en\/wp-json\/wp\/v2\/media?parent=1443"}],"curies":[{"name":"wp","href":"https:\/\/api.w.org\/{rel}","templated":true}]}}